{"id":2378,"date":"2024-09-10T11:19:11","date_gmt":"2024-09-10T09:19:11","guid":{"rendered":"https:\/\/contraluz.fr\/?page_id=2378"},"modified":"2024-09-12T10:41:27","modified_gmt":"2024-09-12T08:41:27","slug":"reves-de-voyages","status":"publish","type":"page","link":"https:\/\/contraluz.fr\/?page_id=2378","title":{"rendered":"R\u00eaves de Voyages &#8230;"},"content":{"rendered":"<p><a href=\"http:\/\/contraluz.fr\/wp-content\/uploads\/2021\/09\/Salar-34.jpg\"><img loading=\"lazy\" decoding=\"async\" class=\" wp-image-1450 alignleft\" src=\"http:\/\/contraluz.fr\/wp-content\/uploads\/2021\/09\/Salar-34-300x225.jpg\" alt=\"\" width=\"229\" height=\"172\" data-id=\"1450\" srcset=\"https:\/\/contraluz.fr\/wp-content\/uploads\/2021\/09\/Salar-34-300x225.jpg 300w, https:\/\/contraluz.fr\/wp-content\/uploads\/2021\/09\/Salar-34-768x576.jpg 768w, https:\/\/contraluz.fr\/wp-content\/uploads\/2021\/09\/Salar-34-1024x768.jpg 1024w, https:\/\/contraluz.fr\/wp-content\/uploads\/2021\/09\/Salar-34-678x509.jpg 678w, https:\/\/contraluz.fr\/wp-content\/uploads\/2021\/09\/Salar-34-326x245.jpg 326w, https:\/\/contraluz.fr\/wp-content\/uploads\/2021\/09\/Salar-34-80x60.jpg 80w, https:\/\/contraluz.fr\/wp-content\/uploads\/2021\/09\/Salar-34.jpg 1080w\" sizes=\"auto, (max-width: 229px) 100vw, 229px\" \/><\/a>L&rsquo;association Contraluz nous emm\u00e8ne tous les ans d\u00e9couvrir de nouveau paysages.<\/p>\n<p>Les destinations sont vari\u00e9es, l&rsquo;Am\u00e9rique du Sud mais aussi de l&rsquo;Andalousie \u00e0 la Catalogne.<\/p>\n<p>Venez partager avec nous ces moments inoubliables<\/p>\n<p>&nbsp;<\/p>\n<h4><a href=\"https:\/\/contraluz.fr\/?cat=10\">Voyages en Am\u00e9rique du Sud<\/a><\/h4>\n<p>Ces voyages, mis au point par nos soins avec un voyagiste local nous emm\u00e8ne sur les chemins de la culture sud am\u00e9ricaine<\/p>\n<h4><a href=\"https:\/\/contraluz.fr\/?cat=12\">Voyages de Andalousie \u00e0 la Catalogne<\/a><\/h4>\n<p>Ces destinations sont choisies par nos membre, souvent dans leur r\u00e9gion d&rsquo;origine<\/p>\n<p>&nbsp;<\/p>\n","protected":false},"excerpt":{"rendered":"<div class=\"mh-excerpt\"><p>L&rsquo;association Contraluz nous emm\u00e8ne tous les ans d\u00e9couvrir de nouveau paysages. Les destinations sont vari\u00e9es, l&rsquo;Am\u00e9rique du Sud mais aussi de l&rsquo;Andalousie \u00e0 la Catalogne. Venez partager avec nous ces moments inoubliables &nbsp; Voyages en Am\u00e9rique du Sud Ces voyages, mis au point par nos soins avec un voyagiste local nous emm\u00e8ne sur les chemins <a class=\"mh-excerpt-more\" href=\"https:\/\/contraluz.fr\/?page_id=2378\" title=\"R\u00eaves de Voyages &#8230;\">[&#8230;]<\/a><\/p>\n<\/div>","protected":false},"author":1,"featured_media":18,"parent":0,"menu_order":0,"comment_status":"closed","ping_status":"closed","template":"","meta":{"footnotes":""},"class_list":["post-2378","page","type-page","status-publish","has-post-thumbnail","hentry"],"_links":{"self":[{"href":"https:\/\/contraluz.fr\/index.php?rest_route=\/wp\/v2\/pages\/2378","targetHints":{"allow":["GET"]}}],"collection":[{"href":"https:\/\/contraluz.fr\/index.php?rest_route=\/wp\/v2\/pages"}],"about":[{"href":"https:\/\/contraluz.fr\/index.php?rest_route=\/wp\/v2\/types\/page"}],"author":[{"embeddable":true,"href":"https:\/\/contraluz.fr\/index.php?rest_route=\/wp\/v2\/users\/1"}],"replies":[{"embeddable":true,"href":"https:\/\/contraluz.fr\/index.php?rest_route=%2Fwp%2Fv2%2Fcomments&post=2378"}],"version-history":[{"count":6,"href":"https:\/\/contraluz.fr\/index.php?rest_route=\/wp\/v2\/pages\/2378\/revisions"}],"predecessor-version":[{"id":2392,"href":"https:\/\/contraluz.fr\/index.php?rest_route=\/wp\/v2\/pages\/2378\/revisions\/2392"}],"wp:featuredmedia":[{"embeddable":true,"href":"https:\/\/contraluz.fr\/index.php?rest_route=\/wp\/v2\/media\/18"}],"wp:attachment":[{"href":"https:\/\/contraluz.fr\/index.php?rest_route=%2Fwp%2Fv2%2Fmedia&parent=2378"}],"curies":[{"name":"wp","href":"https:\/\/api.w.org\/{rel}","templated":true}]}}