{"id":49,"date":"2018-01-16T17:18:40","date_gmt":"2018-01-16T16:18:40","guid":{"rendered":"http:\/\/contraluz.fr\/?page_id=49"},"modified":"2025-10-20T23:15:40","modified_gmt":"2025-10-20T21:15:40","slug":"lassociation-contraluz","status":"publish","type":"page","link":"https:\/\/contraluz.fr\/?page_id=49","title":{"rendered":"L&rsquo;association Contraluz"},"content":{"rendered":"<h4><strong>HISTORIQUE<\/strong><\/h4>\n<h4>Fonder une association hispanique en 1991 \u00e0 Avignon pouvait sembler une gageure. Des villes comme Perpignan, Toulouse, Montpellier, N\u00eemes, avaient une longue tradition hispanique mais pass\u00e9 le Rh\u00f4ne, disait-on, l&rsquo;Espagne n&rsquo;existait plus. Restait \u00e0 prouver le contraire. Une \u00e9quipe d&rsquo;amoureux des cultures hispaniques d\u00e9cida de relever le d\u00e9fi et, d\u00e8s lors, s&rsquo;est employ\u00e9e, par son dynamisme, son enthousiasme, son travail et son exigence, \u00e0 faire partager sa passion.<\/h4>\n<h4>L&rsquo;association a fait co\u00efncider ses premi\u00e8res activit\u00e9s avec les \u00e9v\u00e9nements majeurs de 1992 : C\u00e9l\u00e9bration du Cinqui\u00e8me Centenaire de la D\u00e9couverte de l&rsquo;Am\u00e9rique, Exposition Universelle de S\u00e9ville, Madrid premi\u00e8re Capitale Europ\u00e9enne de la Culture, Jeux Olympiques de Barcelone&#8230;<\/h4>\n<h4>Depuis, Contraluz propose chaque ann\u00e9e de nombreuses manifestations (films, conf\u00e9rences, expositions, rencontres, soir\u00e9es&#8230;) dans un souci de qualit\u00e9 et d&rsquo;authenticit\u00e9.<\/h4>\n<h4>Le public nombreux et fid\u00e8le prouve le bien fond\u00e9 de notre d\u00e9marche et t\u00e9moigne, chaque saison, de l&rsquo;engouement pour l&rsquo;Hispanit\u00e9. Son soutien est le moteur de notre action et fait que les cultures hispaniques ont bien leur place \u00e0 Avignon.<\/h4>\n<h4>Pour participer, pour proposer vos id\u00e9es, pour adh\u00e9rer ou pour simplement en savoir plus, n&rsquo;h\u00e9sitez pas \u00e0 nous contacter.<\/h4>\n<h3 style=\"text-align: center;\"><a href=\"http:\/\/contraluz.fr\/wp-content\/uploads\/2025\/10\/ADHESION-2025-2026.pdf\" target=\"_blank\" rel=\"noopener\"><b>Bulletin d&rsquo;adh\u00e9sion annuelle (de septembre \u00e0 aout) :<\/b><\/a><\/h3>\n<div><\/div>\n<div><b>Envoyer un ch\u00e8que accompagn\u00e9 du bulletin d&rsquo;adh\u00e9sion \u00e0 l&rsquo;ordre de \u00ab\u00a0Association Contraluz\u00a0\u00bb \u00e0 :<\/b><\/div>\n<h2 style=\"text-align: center;\"><b>Contraluz<br \/>\n<\/b><b>5 rue Adrien Marcel<br \/>\n<\/b><b>84 000 Avignon<\/b><\/h2>\n<div><\/div>\n<div><b>Possibilit\u00e9 d&rsquo;adh\u00e9rer \u00e9galement lors de l&rsquo;une de nos manifestations.<\/b><\/div>\n<div><b>\u00a0<\/b><\/div>\n<div><b>L&rsquo;adh\u00e9sion donne acc\u00e9s \u00e0 la gratuit\u00e9 pour de nombreux \u00e9v\u00e9nements organis\u00e9s par l&rsquo;association, nottament nos projections-rencontre mensuelles \u00e0 l&rsquo;Utopia, ou nos Tertulias; et \u00e9galement \u00e0 des tarifs pr\u00e9f\u00e9rentiels (spectacles, concerts&#8230;)<\/b><\/div>\n<div><b>\u00a0<\/b><\/div>\n<div><b>La gratuit\u00e9 et les tarifs pr\u00e9f\u00e9renciels sont accord\u00e9s \u00e0 l&rsquo;adh\u00e9rent uniquement et non \u00e0 ses accompagnateurs non-adh\u00e9rents.<\/b><\/div>\n<div><\/div>\n<div><b><i>L&rsquo;association vit par et pour ses adh\u00e9rents, adh\u00e9rez ou r\u00e9-adh\u00e9rez!\u00a0\u00a0<\/i><\/b><\/div>\n<h4 class=\"_50f4\" style=\"text-align: center;\"><img loading=\"lazy\" decoding=\"async\" class=\"aligncenter\" src=\"https:\/\/static.xx.fbcdn.net\/rsrc.php\/v3\/y6\/r\/RroZZ27hTRs.png\" alt=\"\" width=\"36\" height=\"36\" \/>\u00a0\u00a0\u00a0<a href=\"mailto:contact@contraluz.fr\"><strong>contact@contraluz.fr<\/strong><\/a><\/h4>\n","protected":false},"excerpt":{"rendered":"<div class=\"mh-excerpt\"><p>HISTORIQUE Fonder une association hispanique en 1991 \u00e0 Avignon pouvait sembler une gageure. Des villes comme Perpignan, Toulouse, Montpellier, N\u00eemes, avaient une longue tradition hispanique mais pass\u00e9 le Rh\u00f4ne, disait-on, l&rsquo;Espagne n&rsquo;existait plus. Restait \u00e0 prouver le contraire. Une \u00e9quipe d&rsquo;amoureux des cultures hispaniques d\u00e9cida de relever le d\u00e9fi et, d\u00e8s lors, s&rsquo;est employ\u00e9e, par <a class=\"mh-excerpt-more\" href=\"https:\/\/contraluz.fr\/?page_id=49\" title=\"L&rsquo;association Contraluz\">[&#8230;]<\/a><\/p>\n<\/div>","protected":false},"author":1,"featured_media":30,"parent":0,"menu_order":0,"comment_status":"closed","ping_status":"closed","template":"","meta":{"footnotes":""},"class_list":["post-49","page","type-page","status-publish","has-post-thumbnail","hentry"],"_links":{"self":[{"href":"https:\/\/contraluz.fr\/index.php?rest_route=\/wp\/v2\/pages\/49","targetHints":{"allow":["GET"]}}],"collection":[{"href":"https:\/\/contraluz.fr\/index.php?rest_route=\/wp\/v2\/pages"}],"about":[{"href":"https:\/\/contraluz.fr\/index.php?rest_route=\/wp\/v2\/types\/page"}],"author":[{"embeddable":true,"href":"https:\/\/contraluz.fr\/index.php?rest_route=\/wp\/v2\/users\/1"}],"replies":[{"embeddable":true,"href":"https:\/\/contraluz.fr\/index.php?rest_route=%2Fwp%2Fv2%2Fcomments&post=49"}],"version-history":[{"count":20,"href":"https:\/\/contraluz.fr\/index.php?rest_route=\/wp\/v2\/pages\/49\/revisions"}],"predecessor-version":[{"id":2645,"href":"https:\/\/contraluz.fr\/index.php?rest_route=\/wp\/v2\/pages\/49\/revisions\/2645"}],"wp:featuredmedia":[{"embeddable":true,"href":"https:\/\/contraluz.fr\/index.php?rest_route=\/wp\/v2\/media\/30"}],"wp:attachment":[{"href":"https:\/\/contraluz.fr\/index.php?rest_route=%2Fwp%2Fv2%2Fmedia&parent=49"}],"curies":[{"name":"wp","href":"https:\/\/api.w.org\/{rel}","templated":true}]}}